{"id":20310,"date":"2024-07-19T12:42:49","date_gmt":"2024-07-19T09:42:49","guid":{"rendered":"https:\/\/www.mefis.k12.tr\/istanbul\/?page_id=20310"},"modified":"2024-11-05T13:50:58","modified_gmt":"2024-11-05T10:50:58","slug":"message-from-the-general-manager","status":"publish","type":"page","link":"https:\/\/www.mefis.k12.tr\/istanbul\/about-us\/message-from-the-general-manager\/","title":{"rendered":"Message from the General Manager"},"content":{"rendered":"<p>[vc_row type=&#8221;vc_default&#8221; full_width=&#8221;stretch_row&#8221; css=&#8221;.vc_custom_1540361447268{margin-top: -70px !important;background-color: #0f84bf !important;}&#8221;][vc_column][vc_custom_heading text=&#8221;Message from the General Manager&#8221; font_container=&#8221;tag:h2|text_align:left|color:%23ffffff&#8221; use_theme_fonts=&#8221;yes&#8221; css=&#8221;.vc_custom_1721382204545{margin-top: -25px !important;}&#8221;][\/vc_column][\/vc_row][vc_row][vc_column width=&#8221;2\/3&#8243;][vc_row_inner][vc_column_inner width=&#8221;2\/3&#8243;][vc_column_text]<strong>Dear Parents and Students,<\/strong><\/p>\n<p>MEF Educational Institutions has been providing quality educational services in our country since 1972 with the honour of raising individuals who are \u201cBuilding Bridges between Countries and Cultures\u201d with the strength they received from their leadership team and teachers. MEF has been a pioneer in the educational sector, standing out through its national and international schools, from kindergarten to university, with well-qualified faculty members who have introduced many firsts in their fields.<\/p>\n<p>Since the first day of its establishment, MEF Educational Institutions has had the honour of integrating young individuals into society. At MEF we strive &#8220;To be an open-minded community striving for creativity,\u00a0 innovation and excellence&#8221;.<\/p>\n<p>Our attempt to achieve the goals we have set rests firmly on the belief of a modern future and the strength of being a united family.[\/vc_column_text][\/vc_column_inner][vc_column_inner width=&#8221;1\/3&#8243;][vc_single_image image=&#8221;20311&#8243; img_size=&#8221;full&#8221;][\/vc_column_inner][\/vc_row_inner][vc_row_inner][vc_column_inner width=&#8221;1\/3&#8243;][vc_single_image image=&#8221;20471&#8243; img_size=&#8221;full&#8221;][\/vc_column_inner][vc_column_inner width=&#8221;2\/3&#8243;][vc_column_text]<em>Enlightenment begins with E,<\/em><\/p>\n<p><em>The teacher lays a stone at the foundation of every structure.<\/em><\/p>\n<p><em>The breath of every thought, from wheat to flame,<\/em><\/p>\n<p><em>It rises from all that exists on earth,<\/em><\/p>\n<p><em>The teacher walks hand in hand with the earth.<\/em><\/p>\n<p><em>&#8230;<\/em><\/p>\n<p><em>\u00a0 \u00a0 \u00a0 \u00a0 \u00a0 \u00a0 \u00a0 \u00a0 \u00a0 \u00a0 \u00a0From the poem \u201cTeacher\u201d by Faz\u0131l H\u00fcsn\u00fc Da\u011flarca<\/em>[\/vc_column_text][\/vc_column_inner][\/vc_row_inner][vc_row_inner][vc_column_inner][vc_column_text]I remember our esteemed founder, Dr. \u0130brahim Ar\u0131kan, with respect and longing. He was a scientist, a nature lover, an esteemed teacher, and a human being who devoted his life to education and \u201ccreated a family without a blood bond\u201d. I have always been inspired by his perspective on teaching and learning, the value he placed on humanity and the love and respect he showed for his teacher by having a statue of the figure who transformed his life erected on our Ulus campus.<\/p>\n<p>As our esteemed founder, Dr. \u0130brahim Ar\u0131kan, always stated, we begin each new academic year with great hope and determination, striving to reach every student and aiming for a more dynamic and successful academic year than the previous one.<\/p>\n<p>We are open to innovations and strive to be pioneers in every field of education. Acting with a mission built on effort and confidence, we understand that quality &#8211; not quantity and the process &#8211; not the result are of utmost importance. We believe that the development of our students is far more meaningful when not compared to each other in academic terms.<\/p>\n<p>Our goal is to nurture &#8216;qualified and ethical individuals&#8217; through our international programs, which instill in them the values of the IB Learner Profile: inquiry, knowledge, thinking, communication, principles, care, risk-taking, balance and reflection. These values will support our students in achieving their goals.<\/p>\n<p>We derive our energy for this mission from our students at MEF. We trust and love them. We believe in the bright future we will build together and the confidence you, our valued parents, place in us. We take pride in raising youth and individuals who will have a voice in the future of their country with the strength and trust that we receive from our ever-growing MEF Family, which is guided by science and reason in the light of Atat\u00fcrk&#8217;s revolutions and principles.<\/p>\n<p>I extend my heartfelt congratulations to my colleagues as well as to all of our esteemed administrators and teachers, who uphold the mission and vision of MEF Schools with dedication, hard work, and remarkable success. I would like to emphasize that MEF Schools, which has been at the forefront of education for over 50 years, will continue to make a difference with its strong vision. We remain committed to raising individuals who will carry knowledge from their education with them throughout their lives. Our students shall embody contemporary and universal values and shape the future. Our unwavering focus will remain on &#8216;education&#8217;, which is at the core of MEF\u2019s foundation. Being part of the MEF family is truly a privilege.<\/p>\n<p>&nbsp;<\/p>\n<p style=\"text-align: right;\">Best regards,<\/p>\n<p style=\"text-align: right;\"><strong>Fikret MULHAN<\/strong><\/p>\n<p style=\"text-align: right;\">MEF Schools General Manager<\/p>\n<p>[\/vc_column_text][\/vc_column_inner][\/vc_row_inner][\/vc_column][vc_column width=&#8221;1\/3&#8243;][vc_widget_sidebar sidebar_id=&#8221;sidebar_3&#8243;][\/vc_column][\/vc_row][vc_row][vc_column][vc_empty_space][\/vc_column][\/vc_row][vc_row type=&#8221;vc_default&#8221; content_placement=&#8221;middle&#8221; css=&#8221;.vc_custom_1540213559652{margin-bottom: -111px !important;}&#8221;][vc_column width=&#8221;2\/4&#8243; offset=&#8221;vc_col-xs-12&#8243;][vc_single_image image=&#8221;16219&#8243; img_size=&#8221;full&#8221; alignment=&#8221;center&#8221;][\/vc_column][vc_column width=&#8221;1\/4&#8243; offset=&#8221;vc_col-xs-12&#8243;]<style type=\"text\/css\" data-type=\"the7_shortcodes-inline-css\">.dt-shortcode-soc-icons.soc-icons-6d3d70cdad80c3022dac88b2b035272f a {\n  margin-right: 4px;\n}\n.dt-shortcode-soc-icons a.soc-icons-6d3d70cdad80c3022dac88b2b035272f {\n  margin-right: 4px;\n}\n.dt-shortcode-soc-icons a.soc-icons-6d3d70cdad80c3022dac88b2b035272f:last-child {\n  margin-right: 0;\n}\n.dt-shortcode-soc-icons a.soc-icons-6d3d70cdad80c3022dac88b2b035272f:before,\n.dt-shortcode-soc-icons a.soc-icons-6d3d70cdad80c3022dac88b2b035272f:after {\n  padding: inherit;\n}\n.dt-shortcode-soc-icons a.soc-icons-6d3d70cdad80c3022dac88b2b035272f.dt-icon-border-on:before {\n  border:  solid ;\n}\n.dt-shortcode-soc-icons a.soc-icons-6d3d70cdad80c3022dac88b2b035272f.dt-icon-hover-border-on:after {\n  border:  solid ;\n}\n<\/style><div class=\"dt-shortcode-soc-icons  soc-icons-6d3d70cdad80c3022dac88b2b035272f soc-icons-center \" ><style type=\"text\/css\" data-type=\"the7_shortcodes-inline-css\">.dt-shortcode-soc-icons a.single-soc-icon-012912cd76780c9edbabac9e1acda89c {\n  min-width: 55px;\n  min-height: 55px;\n  font-size: 40px;\n  border-radius: 100px;\n}\n.dt-shortcode-soc-icons a.single-soc-icon-012912cd76780c9edbabac9e1acda89c:last-child {\n  margin-right: 0;\n}\n.dt-shortcode-soc-icons a.single-soc-icon-012912cd76780c9edbabac9e1acda89c:before,\n.dt-shortcode-soc-icons a.single-soc-icon-012912cd76780c9edbabac9e1acda89c:after {\n  min-width: 55px;\n  min-height: 55px;\n  padding: inherit;\n}\n.dt-shortcode-soc-icons a.single-soc-icon-012912cd76780c9edbabac9e1acda89c.dt-icon-border-on:before {\n  border: 0px solid ;\n}\n.dt-shortcode-soc-icons a.single-soc-icon-012912cd76780c9edbabac9e1acda89c.dt-icon-hover-border-on:after {\n  border: 0px solid ;\n}\n.dt-shortcode-soc-icons a.single-soc-icon-012912cd76780c9edbabac9e1acda89c:hover {\n  font-size: 40px;\n}\n#page .dt-shortcode-soc-icons a.single-soc-icon-012912cd76780c9edbabac9e1acda89c:hover .soc-font-icon,\n#phantom .dt-shortcode-soc-icons a.single-soc-icon-012912cd76780c9edbabac9e1acda89c:hover .soc-font-icon,\n#page .dt-shortcode-soc-icons a.single-soc-icon-012912cd76780c9edbabac9e1acda89c:hover .soc-icon,\n#phantom .dt-shortcode-soc-icons a.single-soc-icon-012912cd76780c9edbabac9e1acda89c:hover .soc-icon {\n  color: rgba(255,255,255,0.75);\n  background: none;\n}\n#page .dt-shortcode-soc-icons a.single-soc-icon-012912cd76780c9edbabac9e1acda89c:not(:hover) .soc-font-icon,\n#phantom .dt-shortcode-soc-icons a.single-soc-icon-012912cd76780c9edbabac9e1acda89c:not(:hover) .soc-font-icon,\n#page .dt-shortcode-soc-icons a.single-soc-icon-012912cd76780c9edbabac9e1acda89c:not(:hover) .soc-icon,\n#phantom .dt-shortcode-soc-icons a.single-soc-icon-012912cd76780c9edbabac9e1acda89c:not(:hover) .soc-icon {\n  color: #ffffff;\n  background: none;\n}\n.dt-shortcode-soc-icons a.single-soc-icon-012912cd76780c9edbabac9e1acda89c .soc-font-icon,\n.dt-shortcode-soc-icons a.single-soc-icon-012912cd76780c9edbabac9e1acda89c .soc-icon {\n  font-size: 40px;\n}\n<\/style><a title=\"Facebook\" href=\"https:\/\/www.facebook.com\/mefisistanbul\"  target=\"_blank\"class=\"facebook single-soc-icon-012912cd76780c9edbabac9e1acda89c dt-icon-bg-on dt-icon-border-on dt-icon-hover-border-on dt-icon-hover-bg-on  vc_custom_1611822839780 \" ><i class=\"soc-icon soc-font-icon dt-icon-facebook\"><\/i><span class=\"screen-reader-text\">Facebook<\/span><\/a><style type=\"text\/css\" data-type=\"the7_shortcodes-inline-css\">.dt-shortcode-soc-icons a.single-soc-icon-b7956d1e3cdad003c9627cf7c987f31a {\n  min-width: 55px;\n  min-height: 55px;\n  font-size: 40px;\n  border-radius: 100px;\n}\n.dt-shortcode-soc-icons a.single-soc-icon-b7956d1e3cdad003c9627cf7c987f31a:last-child {\n  margin-right: 0;\n}\n.dt-shortcode-soc-icons a.single-soc-icon-b7956d1e3cdad003c9627cf7c987f31a:before,\n.dt-shortcode-soc-icons a.single-soc-icon-b7956d1e3cdad003c9627cf7c987f31a:after {\n  min-width: 55px;\n  min-height: 55px;\n  padding: inherit;\n}\n.dt-shortcode-soc-icons a.single-soc-icon-b7956d1e3cdad003c9627cf7c987f31a.dt-icon-border-on:before {\n  border: 0px solid ;\n}\n.dt-shortcode-soc-icons a.single-soc-icon-b7956d1e3cdad003c9627cf7c987f31a.dt-icon-hover-border-on:after {\n  border: 0px solid ;\n}\n.dt-shortcode-soc-icons a.single-soc-icon-b7956d1e3cdad003c9627cf7c987f31a:hover {\n  font-size: 40px;\n}\n#page .dt-shortcode-soc-icons a.single-soc-icon-b7956d1e3cdad003c9627cf7c987f31a:hover .soc-font-icon,\n#phantom .dt-shortcode-soc-icons a.single-soc-icon-b7956d1e3cdad003c9627cf7c987f31a:hover .soc-font-icon,\n#page .dt-shortcode-soc-icons a.single-soc-icon-b7956d1e3cdad003c9627cf7c987f31a:hover .soc-icon,\n#phantom .dt-shortcode-soc-icons a.single-soc-icon-b7956d1e3cdad003c9627cf7c987f31a:hover .soc-icon {\n  color: rgba(255,255,255,0.75);\n  background: none;\n}\n#page .dt-shortcode-soc-icons a.single-soc-icon-b7956d1e3cdad003c9627cf7c987f31a:not(:hover) .soc-font-icon,\n#phantom .dt-shortcode-soc-icons a.single-soc-icon-b7956d1e3cdad003c9627cf7c987f31a:not(:hover) .soc-font-icon,\n#page .dt-shortcode-soc-icons a.single-soc-icon-b7956d1e3cdad003c9627cf7c987f31a:not(:hover) .soc-icon,\n#phantom .dt-shortcode-soc-icons a.single-soc-icon-b7956d1e3cdad003c9627cf7c987f31a:not(:hover) .soc-icon {\n  color: #ffffff;\n  background: none;\n}\n.dt-shortcode-soc-icons a.single-soc-icon-b7956d1e3cdad003c9627cf7c987f31a .soc-font-icon,\n.dt-shortcode-soc-icons a.single-soc-icon-b7956d1e3cdad003c9627cf7c987f31a .soc-icon {\n  font-size: 40px;\n}\n<\/style><a title=\"Twitter\" href=\"https:\/\/twitter.com\/mefisk12tr\"  target=\"_blank\"class=\"twitter single-soc-icon-b7956d1e3cdad003c9627cf7c987f31a dt-icon-bg-on dt-icon-border-on dt-icon-hover-border-on dt-icon-hover-bg-on  vc_custom_1611822833595 \" ><i class=\"soc-icon soc-font-icon dt-icon-twitter\"><\/i><span class=\"screen-reader-text\">Twitter<\/span><\/a><style type=\"text\/css\" data-type=\"the7_shortcodes-inline-css\">.dt-shortcode-soc-icons a.single-soc-icon-38c5b7f300561295795e3f3fde9ab665 {\n  min-width: 55px;\n  min-height: 55px;\n  font-size: 40px;\n  border-radius: 100px;\n}\n.dt-shortcode-soc-icons a.single-soc-icon-38c5b7f300561295795e3f3fde9ab665:last-child {\n  margin-right: 0;\n}\n.dt-shortcode-soc-icons a.single-soc-icon-38c5b7f300561295795e3f3fde9ab665:before,\n.dt-shortcode-soc-icons a.single-soc-icon-38c5b7f300561295795e3f3fde9ab665:after {\n  min-width: 55px;\n  min-height: 55px;\n  padding: inherit;\n}\n.dt-shortcode-soc-icons a.single-soc-icon-38c5b7f300561295795e3f3fde9ab665.dt-icon-border-on:before {\n  border: 0px solid ;\n}\n.dt-shortcode-soc-icons a.single-soc-icon-38c5b7f300561295795e3f3fde9ab665.dt-icon-hover-border-on:after {\n  border: 0px solid ;\n}\n.dt-shortcode-soc-icons a.single-soc-icon-38c5b7f300561295795e3f3fde9ab665:hover {\n  font-size: 40px;\n}\n#page .dt-shortcode-soc-icons a.single-soc-icon-38c5b7f300561295795e3f3fde9ab665:hover .soc-font-icon,\n#phantom .dt-shortcode-soc-icons a.single-soc-icon-38c5b7f300561295795e3f3fde9ab665:hover .soc-font-icon,\n#page .dt-shortcode-soc-icons a.single-soc-icon-38c5b7f300561295795e3f3fde9ab665:hover .soc-icon,\n#phantom .dt-shortcode-soc-icons a.single-soc-icon-38c5b7f300561295795e3f3fde9ab665:hover .soc-icon {\n  color: rgba(255,255,255,0.75);\n  background: none;\n}\n#page .dt-shortcode-soc-icons a.single-soc-icon-38c5b7f300561295795e3f3fde9ab665:not(:hover) .soc-font-icon,\n#phantom .dt-shortcode-soc-icons a.single-soc-icon-38c5b7f300561295795e3f3fde9ab665:not(:hover) .soc-font-icon,\n#page .dt-shortcode-soc-icons a.single-soc-icon-38c5b7f300561295795e3f3fde9ab665:not(:hover) .soc-icon,\n#phantom .dt-shortcode-soc-icons a.single-soc-icon-38c5b7f300561295795e3f3fde9ab665:not(:hover) .soc-icon {\n  color: #ffffff;\n  background: none;\n}\n.dt-shortcode-soc-icons a.single-soc-icon-38c5b7f300561295795e3f3fde9ab665 .soc-font-icon,\n.dt-shortcode-soc-icons a.single-soc-icon-38c5b7f300561295795e3f3fde9ab665 .soc-icon {\n  font-size: 40px;\n}\n<\/style><a title=\"Instagram\" href=\"https:\/\/www.instagram.com\/mefisk12tr\/\"  target=\"_blank\"class=\"instagram single-soc-icon-38c5b7f300561295795e3f3fde9ab665 dt-icon-bg-on dt-icon-border-on dt-icon-hover-border-on dt-icon-hover-bg-on  vc_custom_1611822847020 \" ><i class=\"soc-icon soc-font-icon dt-icon-instagram\"><\/i><span class=\"screen-reader-text\">Instagram<\/span><\/a><style type=\"text\/css\" data-type=\"the7_shortcodes-inline-css\">.dt-shortcode-soc-icons a.single-soc-icon-f33b44eb5558f52afed75a867e9e1822 {\n  min-width: 55px;\n  min-height: 55px;\n  font-size: 40px;\n  border-radius: 100px;\n}\n.dt-shortcode-soc-icons a.single-soc-icon-f33b44eb5558f52afed75a867e9e1822:last-child {\n  margin-right: 0;\n}\n.dt-shortcode-soc-icons a.single-soc-icon-f33b44eb5558f52afed75a867e9e1822:before,\n.dt-shortcode-soc-icons a.single-soc-icon-f33b44eb5558f52afed75a867e9e1822:after {\n  min-width: 55px;\n  min-height: 55px;\n  padding: inherit;\n}\n.dt-shortcode-soc-icons a.single-soc-icon-f33b44eb5558f52afed75a867e9e1822.dt-icon-border-on:before {\n  border: 0px solid ;\n}\n.dt-shortcode-soc-icons a.single-soc-icon-f33b44eb5558f52afed75a867e9e1822.dt-icon-hover-border-on:after {\n  border: 0px solid ;\n}\n.dt-shortcode-soc-icons a.single-soc-icon-f33b44eb5558f52afed75a867e9e1822:hover {\n  font-size: 40px;\n}\n#page .dt-shortcode-soc-icons a.single-soc-icon-f33b44eb5558f52afed75a867e9e1822:hover .soc-font-icon,\n#phantom .dt-shortcode-soc-icons a.single-soc-icon-f33b44eb5558f52afed75a867e9e1822:hover .soc-font-icon,\n#page .dt-shortcode-soc-icons a.single-soc-icon-f33b44eb5558f52afed75a867e9e1822:hover .soc-icon,\n#phantom .dt-shortcode-soc-icons a.single-soc-icon-f33b44eb5558f52afed75a867e9e1822:hover .soc-icon {\n  color: rgba(255,255,255,0.75);\n  background: none;\n}\n#page .dt-shortcode-soc-icons a.single-soc-icon-f33b44eb5558f52afed75a867e9e1822:not(:hover) .soc-font-icon,\n#phantom .dt-shortcode-soc-icons a.single-soc-icon-f33b44eb5558f52afed75a867e9e1822:not(:hover) .soc-font-icon,\n#page .dt-shortcode-soc-icons a.single-soc-icon-f33b44eb5558f52afed75a867e9e1822:not(:hover) .soc-icon,\n#phantom .dt-shortcode-soc-icons a.single-soc-icon-f33b44eb5558f52afed75a867e9e1822:not(:hover) .soc-icon {\n  color: #ffffff;\n  background: none;\n}\n.dt-shortcode-soc-icons a.single-soc-icon-f33b44eb5558f52afed75a867e9e1822 .soc-font-icon,\n.dt-shortcode-soc-icons a.single-soc-icon-f33b44eb5558f52afed75a867e9e1822 .soc-icon {\n  font-size: 40px;\n}\n<\/style><a title=\"Linkedin\" href=\"https:\/\/www.linkedin.com\/company\/mefisk12tr\/\"  target=\"_blank\"class=\"linkedin single-soc-icon-f33b44eb5558f52afed75a867e9e1822 dt-icon-bg-on dt-icon-border-on dt-icon-hover-border-on dt-icon-hover-bg-on  vc_custom_1611822853004 \" ><i class=\"soc-icon soc-font-icon dt-icon-linkedin\"><\/i><span class=\"screen-reader-text\">Linkedin<\/span><\/a><style type=\"text\/css\" data-type=\"the7_shortcodes-inline-css\">.dt-shortcode-soc-icons a.single-soc-icon-aa3ae68ed34449d98dd1038d2069e062 {\n  min-width: 55px;\n  min-height: 55px;\n  font-size: 40px;\n  border-radius: 100px;\n}\n.dt-shortcode-soc-icons a.single-soc-icon-aa3ae68ed34449d98dd1038d2069e062:last-child {\n  margin-right: 0;\n}\n.dt-shortcode-soc-icons a.single-soc-icon-aa3ae68ed34449d98dd1038d2069e062:before,\n.dt-shortcode-soc-icons a.single-soc-icon-aa3ae68ed34449d98dd1038d2069e062:after {\n  min-width: 55px;\n  min-height: 55px;\n  padding: inherit;\n}\n.dt-shortcode-soc-icons a.single-soc-icon-aa3ae68ed34449d98dd1038d2069e062.dt-icon-border-on:before {\n  border: 0px solid ;\n}\n.dt-shortcode-soc-icons a.single-soc-icon-aa3ae68ed34449d98dd1038d2069e062.dt-icon-hover-border-on:after {\n  border: 0px solid ;\n}\n.dt-shortcode-soc-icons a.single-soc-icon-aa3ae68ed34449d98dd1038d2069e062:hover {\n  font-size: 40px;\n}\n#page .dt-shortcode-soc-icons a.single-soc-icon-aa3ae68ed34449d98dd1038d2069e062:hover .soc-font-icon,\n#phantom .dt-shortcode-soc-icons a.single-soc-icon-aa3ae68ed34449d98dd1038d2069e062:hover .soc-font-icon,\n#page .dt-shortcode-soc-icons a.single-soc-icon-aa3ae68ed34449d98dd1038d2069e062:hover .soc-icon,\n#phantom .dt-shortcode-soc-icons a.single-soc-icon-aa3ae68ed34449d98dd1038d2069e062:hover .soc-icon {\n  color: rgba(255,255,255,0.75);\n  background: none;\n}\n#page .dt-shortcode-soc-icons a.single-soc-icon-aa3ae68ed34449d98dd1038d2069e062:not(:hover) .soc-font-icon,\n#phantom .dt-shortcode-soc-icons a.single-soc-icon-aa3ae68ed34449d98dd1038d2069e062:not(:hover) .soc-font-icon,\n#page .dt-shortcode-soc-icons a.single-soc-icon-aa3ae68ed34449d98dd1038d2069e062:not(:hover) .soc-icon,\n#phantom .dt-shortcode-soc-icons a.single-soc-icon-aa3ae68ed34449d98dd1038d2069e062:not(:hover) .soc-icon {\n  color: #ffffff;\n  background: none;\n}\n.dt-shortcode-soc-icons a.single-soc-icon-aa3ae68ed34449d98dd1038d2069e062 .soc-font-icon,\n.dt-shortcode-soc-icons a.single-soc-icon-aa3ae68ed34449d98dd1038d2069e062 .soc-icon {\n  font-size: 40px;\n}\n<\/style><a title=\"\" href=\"https:\/\/www.youtube.com\/channel\/UCo6i7FpWntKK9mtjrBR87OQ\"  target=\"_blank\"class=\"icomoon-the7-font-youtube single-soc-icon-aa3ae68ed34449d98dd1038d2069e062 dt-icon-bg-on dt-icon-border-on dt-icon-hover-border-on dt-icon-hover-bg-on  vc_custom_1611822858815 \" ><i class=\"soc-icon icomoon-the7-font-youtube\"><\/i><span class=\"screen-reader-text\"><\/span><\/a><\/div>[\/vc_column][vc_column width=&#8221;1\/4&#8243; offset=&#8221;vc_col-xs-12&#8243;][vc_single_image image=&#8221;15352&#8243; img_size=&#8221;full&#8221; alignment=&#8221;center&#8221;][\/vc_column][\/vc_row]<\/p>\n","protected":false},"excerpt":{"rendered":"<p>[vc_row type=&#8221;vc_default&#8221; full_width=&#8221;stretch_row&#8221; css=&#8221;.vc_custom_1540361447268{margin-top: -70px !important;background-color: #0f84bf !important;}&#8221;][vc_column][vc_custom_heading text=&#8221;Message from the General Manager&#8221; font_container=&#8221;tag:h2|text_align:left|color:%23ffffff&#8221; use_theme_fonts=&#8221;yes&#8221; css=&#8221;.vc_custom_1721382204545{margin-top: -25px !important;}&#8221;][\/vc_column][\/vc_row][vc_row][vc_column width=&#8221;2\/3&#8243;][vc_row_inner][vc_column_inner width=&#8221;2\/3&#8243;][vc_column_text]Dear Parents and Students, MEF Educational Institutions has been providing quality educational services in our country since 1972 with the honour of raising individuals who are \u201cBuilding Bridges between Countries and Cultures\u201d with the strength they&hellip;<\/p>\n","protected":false},"author":1,"featured_media":0,"parent":14838,"menu_order":0,"comment_status":"closed","ping_status":"closed","template":"","meta":[],"class_list":["post-20310","page","type-page","status-publish","hentry","description-off"],"_links":{"self":[{"href":"https:\/\/www.mefis.k12.tr\/istanbul\/wp-json\/wp\/v2\/pages\/20310","targetHints":{"allow":["GET"]}}],"collection":[{"href":"https:\/\/www.mefis.k12.tr\/istanbul\/wp-json\/wp\/v2\/pages"}],"about":[{"href":"https:\/\/www.mefis.k12.tr\/istanbul\/wp-json\/wp\/v2\/types\/page"}],"author":[{"embeddable":true,"href":"https:\/\/www.mefis.k12.tr\/istanbul\/wp-json\/wp\/v2\/users\/1"}],"replies":[{"embeddable":true,"href":"https:\/\/www.mefis.k12.tr\/istanbul\/wp-json\/wp\/v2\/comments?post=20310"}],"version-history":[{"count":13,"href":"https:\/\/www.mefis.k12.tr\/istanbul\/wp-json\/wp\/v2\/pages\/20310\/revisions"}],"predecessor-version":[{"id":20476,"href":"https:\/\/www.mefis.k12.tr\/istanbul\/wp-json\/wp\/v2\/pages\/20310\/revisions\/20476"}],"up":[{"embeddable":true,"href":"https:\/\/www.mefis.k12.tr\/istanbul\/wp-json\/wp\/v2\/pages\/14838"}],"wp:attachment":[{"href":"https:\/\/www.mefis.k12.tr\/istanbul\/wp-json\/wp\/v2\/media?parent=20310"}],"curies":[{"name":"wp","href":"https:\/\/api.w.org\/{rel}","templated":true}]}}