{"id":15201,"date":"2018-10-21T14:47:55","date_gmt":"2018-10-21T11:47:55","guid":{"rendered":"http:\/\/www.mef.k12.tr\/mefiswebsite\/?page_id=15201"},"modified":"2025-11-11T11:01:24","modified_gmt":"2025-11-11T08:01:24","slug":"parent-teacher-association","status":"publish","type":"page","link":"https:\/\/www.mefis.k12.tr\/istanbul\/beyond-the-classroom\/parent-teacher-association\/","title":{"rendered":"Parent Teacher Association"},"content":{"rendered":"<p>[vc_row type=&#8221;vc_default&#8221; full_width=&#8221;stretch_row&#8221; css=&#8221;.vc_custom_1540838765046{margin-top: -70px !important;background-color: #0f84bf !important;}&#8221;][vc_column][vc_custom_heading text=&#8221;2025-2026 Parent-Teacher Association&#8221; font_container=&#8221;tag:h2|text_align:left|color:%23ffffff&#8221; use_theme_fonts=&#8221;yes&#8221; css=&#8221;.vc_custom_1760010840984{margin-top: -25px !important;}&#8221;][\/vc_column][\/vc_row][vc_row][vc_column width=&#8221;2\/3&#8243;][vc_column_text]<span style=\"font-weight: 400;\">The main aims of the Parent Teacher Association (PTA) are to foster positive relationships between the school and families pertaining to the well-being of the students, parents, staff and faculty; to afford the study and discussion of all matters relating to the welfare of the children; and to support and enrich teaching and learning experiences; organize fund-raising activities to support the resources of officially recognized not for profit organizations charities and schools in need while recognizing that the Head of School is the responsible authority in the school.<\/span><\/p>\n<p><span style=\"font-weight: 400;\">During the school year, the PTA, together with the parents, students and staff at MEF IS, organises many family and fund-raising events, including the Winter Bazaar, Bake Sales, Teachers\u2019 Appreciation Day, Children\u2019s Appreciation Day,\u00a0 Fun Day and many more.<\/span><\/p>\n<p><span style=\"font-weight: 400;\">Parents are welcome to become a \u201cRoom Parents\u201d acting as a representative of the parents of a homeroom, helping to aid communication and organise events.<\/span><\/p>\n<p><span style=\"font-weight: 400;\">The PTA members meet once a month in order to discuss and facilitate the achievement of its aims. Below is listed the current members of the PTA.<\/span><\/p>\n<p><b>MEF IS PTA Executive Board 2025-2026<\/b><\/p>\n<table border=\"1\" width=\"%100\" cellspacing=\"4\" cellpadding=\"4\">\n<tbody>\n<tr>\n<td><b>President<\/b><\/td>\n<td>Ms. Elenora Bahar<\/td>\n<\/tr>\n<tr>\n<td><b>Vice President<\/b><\/td>\n<td>Ms. Selin Stratton<\/td>\n<\/tr>\n<tr>\n<td><b>Secretary<\/b><\/td>\n<td>Mr. Han Gyul Yi<\/td>\n<\/tr>\n<tr>\n<td><b>Treasurer<\/b><\/td>\n<td><span style=\"font-weight: 400;\">Ms. Sabina Voetmann<\/span><\/td>\n<\/tr>\n<tr>\n<td><b>Charity Officer<\/b><\/td>\n<td><span style=\"font-weight: 400;\">Ms. Ye\u015fim A\u015fk\u0131n<\/span><\/td>\n<\/tr>\n<tr>\n<td><b>Communications Officer<\/b><\/td>\n<td><span style=\"font-weight: 400;\">Ms. Ceylan Celebiler Auty<\/span><\/td>\n<\/tr>\n<tr>\n<td><b>Other Members of the PTA Board<\/b><\/td>\n<td><span style=\"font-weight: 400;\">Ms. Elena Sezer<\/span><\/p>\n<p><span style=\"font-weight: 400;\">Ms. Golenaz Elmi<\/span><\/p>\n<p><span style=\"font-weight: 400;\">Ms. Manal Mounir Gadalla<\/span><\/p>\n<p><span style=\"font-weight: 400;\">Ms. Maria Ero\u011flu\u00a0<\/span><\/td>\n<\/tr>\n<\/tbody>\n<\/table>\n<p><span style=\"font-weight: 400;\">If you have any questions or feedback for the PTA or would like to join, please email <\/span><a href=\"mailto:pta@mefis.k12.tr\"><span style=\"font-weight: 400;\">pta@mefis.k12.tr<\/span><\/a><span style=\"font-weight: 400;\">. Your email will reach all of the members of the Executive Board.<\/span>[\/vc_column_text][\/vc_column][vc_column width=&#8221;1\/3&#8243;][vc_widget_sidebar sidebar_id=&#8221;sidebar_7&#8243;][\/vc_column][\/vc_row][vc_row][vc_column][vc_empty_space][\/vc_column][\/vc_row][vc_row type=&#8221;vc_default&#8221; content_placement=&#8221;middle&#8221; css=&#8221;.vc_custom_1540213559652{margin-bottom: -111px !important;}&#8221;][vc_column width=&#8221;2\/4&#8243; offset=&#8221;vc_col-xs-12&#8243;][vc_single_image image=&#8221;16219&#8243; img_size=&#8221;full&#8221; alignment=&#8221;center&#8221;][\/vc_column][vc_column width=&#8221;1\/4&#8243; offset=&#8221;vc_col-xs-12&#8243;]<style type=\"text\/css\" data-type=\"the7_shortcodes-inline-css\">.dt-shortcode-soc-icons.soc-icons-6d3d70cdad80c3022dac88b2b035272f a {\n  margin-right: 4px;\n}\n.dt-shortcode-soc-icons a.soc-icons-6d3d70cdad80c3022dac88b2b035272f {\n  margin-right: 4px;\n}\n.dt-shortcode-soc-icons a.soc-icons-6d3d70cdad80c3022dac88b2b035272f:last-child {\n  margin-right: 0;\n}\n.dt-shortcode-soc-icons a.soc-icons-6d3d70cdad80c3022dac88b2b035272f:before,\n.dt-shortcode-soc-icons a.soc-icons-6d3d70cdad80c3022dac88b2b035272f:after {\n  padding: inherit;\n}\n.dt-shortcode-soc-icons a.soc-icons-6d3d70cdad80c3022dac88b2b035272f.dt-icon-border-on:before {\n  border:  solid ;\n}\n.dt-shortcode-soc-icons a.soc-icons-6d3d70cdad80c3022dac88b2b035272f.dt-icon-hover-border-on:after {\n  border:  solid ;\n}\n<\/style><div class=\"dt-shortcode-soc-icons  soc-icons-6d3d70cdad80c3022dac88b2b035272f soc-icons-center \" ><style type=\"text\/css\" data-type=\"the7_shortcodes-inline-css\">.dt-shortcode-soc-icons a.single-soc-icon-012912cd76780c9edbabac9e1acda89c {\n  min-width: 55px;\n  min-height: 55px;\n  font-size: 40px;\n  border-radius: 100px;\n}\n.dt-shortcode-soc-icons a.single-soc-icon-012912cd76780c9edbabac9e1acda89c:last-child {\n  margin-right: 0;\n}\n.dt-shortcode-soc-icons a.single-soc-icon-012912cd76780c9edbabac9e1acda89c:before,\n.dt-shortcode-soc-icons a.single-soc-icon-012912cd76780c9edbabac9e1acda89c:after {\n  min-width: 55px;\n  min-height: 55px;\n  padding: inherit;\n}\n.dt-shortcode-soc-icons a.single-soc-icon-012912cd76780c9edbabac9e1acda89c.dt-icon-border-on:before {\n  border: 0px solid ;\n}\n.dt-shortcode-soc-icons a.single-soc-icon-012912cd76780c9edbabac9e1acda89c.dt-icon-hover-border-on:after {\n  border: 0px solid ;\n}\n.dt-shortcode-soc-icons a.single-soc-icon-012912cd76780c9edbabac9e1acda89c:hover {\n  font-size: 40px;\n}\n#page .dt-shortcode-soc-icons a.single-soc-icon-012912cd76780c9edbabac9e1acda89c:hover .soc-font-icon,\n#phantom .dt-shortcode-soc-icons a.single-soc-icon-012912cd76780c9edbabac9e1acda89c:hover .soc-font-icon,\n#page .dt-shortcode-soc-icons a.single-soc-icon-012912cd76780c9edbabac9e1acda89c:hover .soc-icon,\n#phantom .dt-shortcode-soc-icons a.single-soc-icon-012912cd76780c9edbabac9e1acda89c:hover .soc-icon {\n  color: rgba(255,255,255,0.75);\n  background: none;\n}\n#page .dt-shortcode-soc-icons a.single-soc-icon-012912cd76780c9edbabac9e1acda89c:not(:hover) .soc-font-icon,\n#phantom .dt-shortcode-soc-icons a.single-soc-icon-012912cd76780c9edbabac9e1acda89c:not(:hover) .soc-font-icon,\n#page .dt-shortcode-soc-icons a.single-soc-icon-012912cd76780c9edbabac9e1acda89c:not(:hover) .soc-icon,\n#phantom .dt-shortcode-soc-icons a.single-soc-icon-012912cd76780c9edbabac9e1acda89c:not(:hover) .soc-icon {\n  color: #ffffff;\n  background: none;\n}\n.dt-shortcode-soc-icons a.single-soc-icon-012912cd76780c9edbabac9e1acda89c .soc-font-icon,\n.dt-shortcode-soc-icons a.single-soc-icon-012912cd76780c9edbabac9e1acda89c .soc-icon {\n  font-size: 40px;\n}\n<\/style><a title=\"Facebook\" href=\"https:\/\/www.facebook.com\/mefisistanbul\"  target=\"_blank\"class=\"facebook single-soc-icon-012912cd76780c9edbabac9e1acda89c dt-icon-bg-on dt-icon-border-on dt-icon-hover-border-on dt-icon-hover-bg-on  vc_custom_1611822839780 \" ><i class=\"soc-icon soc-font-icon dt-icon-facebook\"><\/i><span class=\"screen-reader-text\">Facebook<\/span><\/a><style type=\"text\/css\" data-type=\"the7_shortcodes-inline-css\">.dt-shortcode-soc-icons a.single-soc-icon-b7956d1e3cdad003c9627cf7c987f31a {\n  min-width: 55px;\n  min-height: 55px;\n  font-size: 40px;\n  border-radius: 100px;\n}\n.dt-shortcode-soc-icons a.single-soc-icon-b7956d1e3cdad003c9627cf7c987f31a:last-child {\n  margin-right: 0;\n}\n.dt-shortcode-soc-icons a.single-soc-icon-b7956d1e3cdad003c9627cf7c987f31a:before,\n.dt-shortcode-soc-icons a.single-soc-icon-b7956d1e3cdad003c9627cf7c987f31a:after {\n  min-width: 55px;\n  min-height: 55px;\n  padding: inherit;\n}\n.dt-shortcode-soc-icons a.single-soc-icon-b7956d1e3cdad003c9627cf7c987f31a.dt-icon-border-on:before {\n  border: 0px solid ;\n}\n.dt-shortcode-soc-icons a.single-soc-icon-b7956d1e3cdad003c9627cf7c987f31a.dt-icon-hover-border-on:after {\n  border: 0px solid ;\n}\n.dt-shortcode-soc-icons a.single-soc-icon-b7956d1e3cdad003c9627cf7c987f31a:hover {\n  font-size: 40px;\n}\n#page .dt-shortcode-soc-icons a.single-soc-icon-b7956d1e3cdad003c9627cf7c987f31a:hover .soc-font-icon,\n#phantom .dt-shortcode-soc-icons a.single-soc-icon-b7956d1e3cdad003c9627cf7c987f31a:hover .soc-font-icon,\n#page .dt-shortcode-soc-icons a.single-soc-icon-b7956d1e3cdad003c9627cf7c987f31a:hover .soc-icon,\n#phantom .dt-shortcode-soc-icons a.single-soc-icon-b7956d1e3cdad003c9627cf7c987f31a:hover .soc-icon {\n  color: rgba(255,255,255,0.75);\n  background: none;\n}\n#page .dt-shortcode-soc-icons a.single-soc-icon-b7956d1e3cdad003c9627cf7c987f31a:not(:hover) .soc-font-icon,\n#phantom .dt-shortcode-soc-icons a.single-soc-icon-b7956d1e3cdad003c9627cf7c987f31a:not(:hover) .soc-font-icon,\n#page .dt-shortcode-soc-icons a.single-soc-icon-b7956d1e3cdad003c9627cf7c987f31a:not(:hover) .soc-icon,\n#phantom .dt-shortcode-soc-icons a.single-soc-icon-b7956d1e3cdad003c9627cf7c987f31a:not(:hover) .soc-icon {\n  color: #ffffff;\n  background: none;\n}\n.dt-shortcode-soc-icons a.single-soc-icon-b7956d1e3cdad003c9627cf7c987f31a .soc-font-icon,\n.dt-shortcode-soc-icons a.single-soc-icon-b7956d1e3cdad003c9627cf7c987f31a .soc-icon {\n  font-size: 40px;\n}\n<\/style><a title=\"Twitter\" href=\"https:\/\/twitter.com\/mefisk12tr\"  target=\"_blank\"class=\"twitter single-soc-icon-b7956d1e3cdad003c9627cf7c987f31a dt-icon-bg-on dt-icon-border-on dt-icon-hover-border-on dt-icon-hover-bg-on  vc_custom_1611822833595 \" ><i class=\"soc-icon soc-font-icon dt-icon-twitter\"><\/i><span class=\"screen-reader-text\">Twitter<\/span><\/a><style type=\"text\/css\" data-type=\"the7_shortcodes-inline-css\">.dt-shortcode-soc-icons a.single-soc-icon-38c5b7f300561295795e3f3fde9ab665 {\n  min-width: 55px;\n  min-height: 55px;\n  font-size: 40px;\n  border-radius: 100px;\n}\n.dt-shortcode-soc-icons a.single-soc-icon-38c5b7f300561295795e3f3fde9ab665:last-child {\n  margin-right: 0;\n}\n.dt-shortcode-soc-icons a.single-soc-icon-38c5b7f300561295795e3f3fde9ab665:before,\n.dt-shortcode-soc-icons a.single-soc-icon-38c5b7f300561295795e3f3fde9ab665:after {\n  min-width: 55px;\n  min-height: 55px;\n  padding: inherit;\n}\n.dt-shortcode-soc-icons a.single-soc-icon-38c5b7f300561295795e3f3fde9ab665.dt-icon-border-on:before {\n  border: 0px solid ;\n}\n.dt-shortcode-soc-icons a.single-soc-icon-38c5b7f300561295795e3f3fde9ab665.dt-icon-hover-border-on:after {\n  border: 0px solid ;\n}\n.dt-shortcode-soc-icons a.single-soc-icon-38c5b7f300561295795e3f3fde9ab665:hover {\n  font-size: 40px;\n}\n#page .dt-shortcode-soc-icons a.single-soc-icon-38c5b7f300561295795e3f3fde9ab665:hover .soc-font-icon,\n#phantom .dt-shortcode-soc-icons a.single-soc-icon-38c5b7f300561295795e3f3fde9ab665:hover .soc-font-icon,\n#page .dt-shortcode-soc-icons a.single-soc-icon-38c5b7f300561295795e3f3fde9ab665:hover .soc-icon,\n#phantom .dt-shortcode-soc-icons a.single-soc-icon-38c5b7f300561295795e3f3fde9ab665:hover .soc-icon {\n  color: rgba(255,255,255,0.75);\n  background: none;\n}\n#page .dt-shortcode-soc-icons a.single-soc-icon-38c5b7f300561295795e3f3fde9ab665:not(:hover) .soc-font-icon,\n#phantom .dt-shortcode-soc-icons a.single-soc-icon-38c5b7f300561295795e3f3fde9ab665:not(:hover) .soc-font-icon,\n#page .dt-shortcode-soc-icons a.single-soc-icon-38c5b7f300561295795e3f3fde9ab665:not(:hover) .soc-icon,\n#phantom .dt-shortcode-soc-icons a.single-soc-icon-38c5b7f300561295795e3f3fde9ab665:not(:hover) .soc-icon {\n  color: #ffffff;\n  background: none;\n}\n.dt-shortcode-soc-icons a.single-soc-icon-38c5b7f300561295795e3f3fde9ab665 .soc-font-icon,\n.dt-shortcode-soc-icons a.single-soc-icon-38c5b7f300561295795e3f3fde9ab665 .soc-icon {\n  font-size: 40px;\n}\n<\/style><a title=\"Instagram\" href=\"https:\/\/www.instagram.com\/mefisk12tr\/\"  target=\"_blank\"class=\"instagram single-soc-icon-38c5b7f300561295795e3f3fde9ab665 dt-icon-bg-on dt-icon-border-on dt-icon-hover-border-on dt-icon-hover-bg-on  vc_custom_1611822847020 \" ><i class=\"soc-icon soc-font-icon dt-icon-instagram\"><\/i><span class=\"screen-reader-text\">Instagram<\/span><\/a><style type=\"text\/css\" data-type=\"the7_shortcodes-inline-css\">.dt-shortcode-soc-icons a.single-soc-icon-f33b44eb5558f52afed75a867e9e1822 {\n  min-width: 55px;\n  min-height: 55px;\n  font-size: 40px;\n  border-radius: 100px;\n}\n.dt-shortcode-soc-icons a.single-soc-icon-f33b44eb5558f52afed75a867e9e1822:last-child {\n  margin-right: 0;\n}\n.dt-shortcode-soc-icons a.single-soc-icon-f33b44eb5558f52afed75a867e9e1822:before,\n.dt-shortcode-soc-icons a.single-soc-icon-f33b44eb5558f52afed75a867e9e1822:after {\n  min-width: 55px;\n  min-height: 55px;\n  padding: inherit;\n}\n.dt-shortcode-soc-icons a.single-soc-icon-f33b44eb5558f52afed75a867e9e1822.dt-icon-border-on:before {\n  border: 0px solid ;\n}\n.dt-shortcode-soc-icons a.single-soc-icon-f33b44eb5558f52afed75a867e9e1822.dt-icon-hover-border-on:after {\n  border: 0px solid ;\n}\n.dt-shortcode-soc-icons a.single-soc-icon-f33b44eb5558f52afed75a867e9e1822:hover {\n  font-size: 40px;\n}\n#page .dt-shortcode-soc-icons a.single-soc-icon-f33b44eb5558f52afed75a867e9e1822:hover .soc-font-icon,\n#phantom .dt-shortcode-soc-icons a.single-soc-icon-f33b44eb5558f52afed75a867e9e1822:hover .soc-font-icon,\n#page .dt-shortcode-soc-icons a.single-soc-icon-f33b44eb5558f52afed75a867e9e1822:hover .soc-icon,\n#phantom .dt-shortcode-soc-icons a.single-soc-icon-f33b44eb5558f52afed75a867e9e1822:hover .soc-icon {\n  color: rgba(255,255,255,0.75);\n  background: none;\n}\n#page .dt-shortcode-soc-icons a.single-soc-icon-f33b44eb5558f52afed75a867e9e1822:not(:hover) .soc-font-icon,\n#phantom .dt-shortcode-soc-icons a.single-soc-icon-f33b44eb5558f52afed75a867e9e1822:not(:hover) .soc-font-icon,\n#page .dt-shortcode-soc-icons a.single-soc-icon-f33b44eb5558f52afed75a867e9e1822:not(:hover) .soc-icon,\n#phantom .dt-shortcode-soc-icons a.single-soc-icon-f33b44eb5558f52afed75a867e9e1822:not(:hover) .soc-icon {\n  color: #ffffff;\n  background: none;\n}\n.dt-shortcode-soc-icons a.single-soc-icon-f33b44eb5558f52afed75a867e9e1822 .soc-font-icon,\n.dt-shortcode-soc-icons a.single-soc-icon-f33b44eb5558f52afed75a867e9e1822 .soc-icon {\n  font-size: 40px;\n}\n<\/style><a title=\"Linkedin\" href=\"https:\/\/www.linkedin.com\/company\/mefisk12tr\/\"  target=\"_blank\"class=\"linkedin single-soc-icon-f33b44eb5558f52afed75a867e9e1822 dt-icon-bg-on dt-icon-border-on dt-icon-hover-border-on dt-icon-hover-bg-on  vc_custom_1611822853004 \" ><i class=\"soc-icon soc-font-icon dt-icon-linkedin\"><\/i><span class=\"screen-reader-text\">Linkedin<\/span><\/a><style type=\"text\/css\" data-type=\"the7_shortcodes-inline-css\">.dt-shortcode-soc-icons a.single-soc-icon-aa3ae68ed34449d98dd1038d2069e062 {\n  min-width: 55px;\n  min-height: 55px;\n  font-size: 40px;\n  border-radius: 100px;\n}\n.dt-shortcode-soc-icons a.single-soc-icon-aa3ae68ed34449d98dd1038d2069e062:last-child {\n  margin-right: 0;\n}\n.dt-shortcode-soc-icons a.single-soc-icon-aa3ae68ed34449d98dd1038d2069e062:before,\n.dt-shortcode-soc-icons a.single-soc-icon-aa3ae68ed34449d98dd1038d2069e062:after {\n  min-width: 55px;\n  min-height: 55px;\n  padding: inherit;\n}\n.dt-shortcode-soc-icons a.single-soc-icon-aa3ae68ed34449d98dd1038d2069e062.dt-icon-border-on:before {\n  border: 0px solid ;\n}\n.dt-shortcode-soc-icons a.single-soc-icon-aa3ae68ed34449d98dd1038d2069e062.dt-icon-hover-border-on:after {\n  border: 0px solid ;\n}\n.dt-shortcode-soc-icons a.single-soc-icon-aa3ae68ed34449d98dd1038d2069e062:hover {\n  font-size: 40px;\n}\n#page .dt-shortcode-soc-icons a.single-soc-icon-aa3ae68ed34449d98dd1038d2069e062:hover .soc-font-icon,\n#phantom .dt-shortcode-soc-icons a.single-soc-icon-aa3ae68ed34449d98dd1038d2069e062:hover .soc-font-icon,\n#page .dt-shortcode-soc-icons a.single-soc-icon-aa3ae68ed34449d98dd1038d2069e062:hover .soc-icon,\n#phantom .dt-shortcode-soc-icons a.single-soc-icon-aa3ae68ed34449d98dd1038d2069e062:hover .soc-icon {\n  color: rgba(255,255,255,0.75);\n  background: none;\n}\n#page .dt-shortcode-soc-icons a.single-soc-icon-aa3ae68ed34449d98dd1038d2069e062:not(:hover) .soc-font-icon,\n#phantom .dt-shortcode-soc-icons a.single-soc-icon-aa3ae68ed34449d98dd1038d2069e062:not(:hover) .soc-font-icon,\n#page .dt-shortcode-soc-icons a.single-soc-icon-aa3ae68ed34449d98dd1038d2069e062:not(:hover) .soc-icon,\n#phantom .dt-shortcode-soc-icons a.single-soc-icon-aa3ae68ed34449d98dd1038d2069e062:not(:hover) .soc-icon {\n  color: #ffffff;\n  background: none;\n}\n.dt-shortcode-soc-icons a.single-soc-icon-aa3ae68ed34449d98dd1038d2069e062 .soc-font-icon,\n.dt-shortcode-soc-icons a.single-soc-icon-aa3ae68ed34449d98dd1038d2069e062 .soc-icon {\n  font-size: 40px;\n}\n<\/style><a title=\"\" href=\"https:\/\/www.youtube.com\/channel\/UCo6i7FpWntKK9mtjrBR87OQ\"  target=\"_blank\"class=\"icomoon-the7-font-youtube single-soc-icon-aa3ae68ed34449d98dd1038d2069e062 dt-icon-bg-on dt-icon-border-on dt-icon-hover-border-on dt-icon-hover-bg-on  vc_custom_1611822858815 \" ><i class=\"soc-icon icomoon-the7-font-youtube\"><\/i><span class=\"screen-reader-text\"><\/span><\/a><\/div>[\/vc_column][vc_column width=&#8221;1\/4&#8243; offset=&#8221;vc_col-xs-12&#8243;][vc_single_image image=&#8221;15352&#8243; img_size=&#8221;full&#8221; alignment=&#8221;center&#8221;][\/vc_column][\/vc_row]<\/p>\n","protected":false},"excerpt":{"rendered":"<p>[vc_row type=&#8221;vc_default&#8221; full_width=&#8221;stretch_row&#8221; css=&#8221;.vc_custom_1540838765046{margin-top: -70px !important;background-color: #0f84bf !important;}&#8221;][vc_column][vc_custom_heading text=&#8221;2025-2026 Parent-Teacher Association&#8221; font_container=&#8221;tag:h2|text_align:left|color:%23ffffff&#8221; use_theme_fonts=&#8221;yes&#8221; css=&#8221;.vc_custom_1760010840984{margin-top: -25px !important;}&#8221;][\/vc_column][\/vc_row][vc_row][vc_column width=&#8221;2\/3&#8243;][vc_column_text]The main aims of the Parent Teacher Association (PTA) are to foster positive relationships between the school and families pertaining to the well-being of the students, parents, staff and faculty; to afford the study and discussion of all matters&hellip;<\/p>\n","protected":false},"author":1,"featured_media":0,"parent":15195,"menu_order":0,"comment_status":"closed","ping_status":"closed","template":"","meta":[],"class_list":["post-15201","page","type-page","status-publish","hentry","description-off"],"_links":{"self":[{"href":"https:\/\/www.mefis.k12.tr\/istanbul\/wp-json\/wp\/v2\/pages\/15201","targetHints":{"allow":["GET"]}}],"collection":[{"href":"https:\/\/www.mefis.k12.tr\/istanbul\/wp-json\/wp\/v2\/pages"}],"about":[{"href":"https:\/\/www.mefis.k12.tr\/istanbul\/wp-json\/wp\/v2\/types\/page"}],"author":[{"embeddable":true,"href":"https:\/\/www.mefis.k12.tr\/istanbul\/wp-json\/wp\/v2\/users\/1"}],"replies":[{"embeddable":true,"href":"https:\/\/www.mefis.k12.tr\/istanbul\/wp-json\/wp\/v2\/comments?post=15201"}],"version-history":[{"count":43,"href":"https:\/\/www.mefis.k12.tr\/istanbul\/wp-json\/wp\/v2\/pages\/15201\/revisions"}],"predecessor-version":[{"id":20941,"href":"https:\/\/www.mefis.k12.tr\/istanbul\/wp-json\/wp\/v2\/pages\/15201\/revisions\/20941"}],"up":[{"embeddable":true,"href":"https:\/\/www.mefis.k12.tr\/istanbul\/wp-json\/wp\/v2\/pages\/15195"}],"wp:attachment":[{"href":"https:\/\/www.mefis.k12.tr\/istanbul\/wp-json\/wp\/v2\/media?parent=15201"}],"curies":[{"name":"wp","href":"https:\/\/api.w.org\/{rel}","templated":true}]}}