{"id":14856,"date":"2016-11-27T19:01:56","date_gmt":"2016-11-27T16:01:56","guid":{"rendered":"http:\/\/www.mef.k12.tr\/mefiswebsite\/?page_id=14856"},"modified":"2021-02-02T13:20:42","modified_gmt":"2021-02-02T10:20:42","slug":"our-founder","status":"publish","type":"page","link":"https:\/\/www.mefis.k12.tr\/istanbul\/about-us\/our-founder\/","title":{"rendered":"Our Founder"},"content":{"rendered":"<p>[vc_row type=&#8221;vc_default&#8221; full_width=&#8221;stretch_row&#8221; css=&#8221;.vc_custom_1540361447268{margin-top: -70px !important;background-color: #0f84bf !important;}&#8221;][vc_column][vc_custom_heading text=&#8221;Our Founder&#8221; font_container=&#8221;tag:h2|text_align:left|color:%23ffffff&#8221; use_theme_fonts=&#8221;yes&#8221; css=&#8221;.vc_custom_1540363007724{margin-top: -25px !important;}&#8221;][\/vc_column][\/vc_row][vc_row][vc_column width=&#8221;2\/3&#8243;][vc_column_text]<b>Biography of our Founder, Dr. Ibrahim ARIKAN,<img loading=\"lazy\" decoding=\"async\" class=\"wp-image-15952 size-large alignright\" src=\"http:\/\/www.mefis.k12.tr\/istanbul\/wp-content\/uploads\/2018\/11\/ibrahim-arikan-1024x944.jpg\" alt=\"\" width=\"300\" height=\"276\" srcset=\"https:\/\/www.mefis.k12.tr\/istanbul\/wp-content\/uploads\/2018\/11\/ibrahim-arikan-1024x944.jpg 1024w, https:\/\/www.mefis.k12.tr\/istanbul\/wp-content\/uploads\/2018\/11\/ibrahim-arikan-300x276.jpg 300w, https:\/\/www.mefis.k12.tr\/istanbul\/wp-content\/uploads\/2018\/11\/ibrahim-arikan-768x708.jpg 768w\" sizes=\"auto, (max-width: 300px) 100vw, 300px\" \/><\/b><\/p>\n<p>Born in 1941 in the village of Salur in the province of Yozgat, Dr. Ibrahim ARIKAN was accepted on the basis of an examination into the Mimar Sinan Elementary School Teachers School, pursuing his goal to become an elementary school teacher. Following his academic success, he was selected to attend Ankara Teachers College. He graduated from the Faculty of Science, Department of Physics and Mathematics at Ankara Teachers College in 1968. Over the period 1968-1971, Ibrahim ARIKAN worked as an assistant in the Physics Department of Y\u0131ld\u0131z Technical University.<\/p>\n<p>In 1972, he founded the MEF (Modern E\u011fitim Fen \/ Modern Education &amp; Science) Tutoring School. In 1982, ARIKAN established Turkey&#8217;s first cargo company, Yurti\u00e7i Kargo Inc. and then in 1996, founded MEF Schools, an international educational complex that encompasses pre-school, elementary school and high school levels. On February 11, 1996, ARIKAN collected all of his companies under the umbrella of the holding company, ARIKANLI Holding Inc., ARIKANLI Holding investments focus on the areas of &#8220;Education-Communication-Energy&#8221;, &#8220;Transport-Logistics&#8221; and &#8220;Industry-Construction.&#8221; As of 2011, the Holding boasted 23 companies.<\/p>\n<p>On May 14, 2011, Ibrahim ARIKAN was awarded an Honorary Doctoral Degree in Business and Science by unanimous vote of the European University of Lefke Senate in the Turkish Republic of Northern Cyprus for &#8220;his adherence as an educator to the principles and reforms of Atat\u00fcrk, his contributions to educating 200,000 students, and his entrepreneuring insight and leadership in various industrial and service sectors.&#8221;<\/p>\n<p>He was presented with a &#8220;Leadership Honorary Award&#8221; on April 16, 2009 for &#8220;the companies he established and their contributions to the business community, the system he has established, and the brands that he has created.&#8221; He was granted an honorary doctorate in humanities on May 22, 2009 by one of the prestigious universities in the U.S., Roger Williams University, for his successful business career and for making a solid contribution to the world of education with MEF Schools, which he established on the basis of a new vision of education.<\/p>\n<p>Ibrahim ARIKAN is the author of 10 books ( Modern Fizik&#8211;Modern Physics; Biz Bize&#8211;Just Between Us; Orijinal Fikir \u00dcretme ve Yarat\u0131c\u0131l\u0131k&#8211;Producing Original Ideas and Creativity; Kurum Ba\u015far\u0131s\u0131 \u0130\u00e7in&#8211;For the Success of the Organization; Y\u00f6neticiye Mektup&#8211;A Letter to the Manager; Her Durumda Ba\u015farmak&#8211;Achieving under All Circumstances; Kriz \u00d6nce Haber Verir Sonra Kap\u0131y\u0131 \u00c7alar&#8211;The Crisis First Lets You Know It&#8217;s Here Before It Knocks on Your Door; Tarih Ekonomiyi, Ekonomi Tarihi Olu\u015fturur&#8211;History Shapes Economy While Economy Shapes History; Ya Yenilenirsin Ya da Yenilirsin&#8211;Renovate or Evaporate; \u00d6\u011freten \u00d6\u011fretmen \u00d6\u011frenen \u00d6\u011frenci&#8211;Teaching Teacher, Learning Student and has written many articles published in various magazines and newspapers. He also devotes time to working on social and cultural content.<\/p>\n<p>Dr. \u0130brahim Ar\u0131kan passed away on February 2, 2016. He was the father of three children, named \u00dcmit, Ebru and Eda.<\/p>\n<p>A respected teacher devoting his entire life to education, an entrepreneur, environmentalist and scientist, Dr. \u0130brahim Ar\u0131kan succeeded in being a good human under all conditions, and he believed that the world needed goodness more than anything. Dr. \u0130brahim Ar\u0131kan will always be remembered with yearning and respect for the pioneering institutions and organizations he founded in our country, his innovative ideas and the value he gave to education and to humans.[\/vc_column_text][\/vc_column][vc_column width=&#8221;1\/3&#8243;][vc_widget_sidebar sidebar_id=&#8221;sidebar_3&#8243;][\/vc_column][\/vc_row][vc_row][vc_column][vc_empty_space][\/vc_column][\/vc_row][vc_row type=&#8221;vc_default&#8221; content_placement=&#8221;middle&#8221; css=&#8221;.vc_custom_1540213559652{margin-bottom: -111px !important;}&#8221;][vc_column width=&#8221;2\/4&#8243; offset=&#8221;vc_col-xs-12&#8243;][vc_single_image image=&#8221;16219&#8243; img_size=&#8221;full&#8221; alignment=&#8221;center&#8221;][\/vc_column][vc_column width=&#8221;1\/4&#8243; offset=&#8221;vc_col-xs-12&#8243;]<style type=\"text\/css\" data-type=\"the7_shortcodes-inline-css\">.dt-shortcode-soc-icons.soc-icons-6d3d70cdad80c3022dac88b2b035272f a {\n  margin-right: 4px;\n}\n.dt-shortcode-soc-icons a.soc-icons-6d3d70cdad80c3022dac88b2b035272f {\n  margin-right: 4px;\n}\n.dt-shortcode-soc-icons a.soc-icons-6d3d70cdad80c3022dac88b2b035272f:last-child {\n  margin-right: 0;\n}\n.dt-shortcode-soc-icons a.soc-icons-6d3d70cdad80c3022dac88b2b035272f:before,\n.dt-shortcode-soc-icons a.soc-icons-6d3d70cdad80c3022dac88b2b035272f:after {\n  padding: inherit;\n}\n.dt-shortcode-soc-icons a.soc-icons-6d3d70cdad80c3022dac88b2b035272f.dt-icon-border-on:before {\n  border:  solid ;\n}\n.dt-shortcode-soc-icons a.soc-icons-6d3d70cdad80c3022dac88b2b035272f.dt-icon-hover-border-on:after {\n  border:  solid ;\n}\n<\/style><div class=\"dt-shortcode-soc-icons  soc-icons-6d3d70cdad80c3022dac88b2b035272f soc-icons-center \" ><style type=\"text\/css\" data-type=\"the7_shortcodes-inline-css\">.dt-shortcode-soc-icons a.single-soc-icon-012912cd76780c9edbabac9e1acda89c {\n  min-width: 55px;\n  min-height: 55px;\n  font-size: 40px;\n  border-radius: 100px;\n}\n.dt-shortcode-soc-icons a.single-soc-icon-012912cd76780c9edbabac9e1acda89c:last-child {\n  margin-right: 0;\n}\n.dt-shortcode-soc-icons a.single-soc-icon-012912cd76780c9edbabac9e1acda89c:before,\n.dt-shortcode-soc-icons a.single-soc-icon-012912cd76780c9edbabac9e1acda89c:after {\n  min-width: 55px;\n  min-height: 55px;\n  padding: inherit;\n}\n.dt-shortcode-soc-icons a.single-soc-icon-012912cd76780c9edbabac9e1acda89c.dt-icon-border-on:before {\n  border: 0px solid ;\n}\n.dt-shortcode-soc-icons a.single-soc-icon-012912cd76780c9edbabac9e1acda89c.dt-icon-hover-border-on:after {\n  border: 0px solid ;\n}\n.dt-shortcode-soc-icons a.single-soc-icon-012912cd76780c9edbabac9e1acda89c:hover {\n  font-size: 40px;\n}\n#page .dt-shortcode-soc-icons a.single-soc-icon-012912cd76780c9edbabac9e1acda89c:hover .soc-font-icon,\n#phantom .dt-shortcode-soc-icons a.single-soc-icon-012912cd76780c9edbabac9e1acda89c:hover .soc-font-icon,\n#page .dt-shortcode-soc-icons a.single-soc-icon-012912cd76780c9edbabac9e1acda89c:hover .soc-icon,\n#phantom .dt-shortcode-soc-icons a.single-soc-icon-012912cd76780c9edbabac9e1acda89c:hover .soc-icon {\n  color: rgba(255,255,255,0.75);\n  background: none;\n}\n#page .dt-shortcode-soc-icons a.single-soc-icon-012912cd76780c9edbabac9e1acda89c:not(:hover) .soc-font-icon,\n#phantom .dt-shortcode-soc-icons a.single-soc-icon-012912cd76780c9edbabac9e1acda89c:not(:hover) .soc-font-icon,\n#page .dt-shortcode-soc-icons a.single-soc-icon-012912cd76780c9edbabac9e1acda89c:not(:hover) .soc-icon,\n#phantom .dt-shortcode-soc-icons a.single-soc-icon-012912cd76780c9edbabac9e1acda89c:not(:hover) .soc-icon {\n  color: #ffffff;\n  background: none;\n}\n.dt-shortcode-soc-icons a.single-soc-icon-012912cd76780c9edbabac9e1acda89c .soc-font-icon,\n.dt-shortcode-soc-icons a.single-soc-icon-012912cd76780c9edbabac9e1acda89c .soc-icon {\n  font-size: 40px;\n}\n<\/style><a title=\"Facebook\" href=\"https:\/\/www.facebook.com\/mefisistanbul\"  target=\"_blank\"class=\"facebook single-soc-icon-012912cd76780c9edbabac9e1acda89c dt-icon-bg-on dt-icon-border-on dt-icon-hover-border-on dt-icon-hover-bg-on  vc_custom_1611822839780 \" ><i class=\"soc-icon soc-font-icon dt-icon-facebook\"><\/i><span class=\"screen-reader-text\">Facebook<\/span><\/a><style type=\"text\/css\" data-type=\"the7_shortcodes-inline-css\">.dt-shortcode-soc-icons a.single-soc-icon-b7956d1e3cdad003c9627cf7c987f31a {\n  min-width: 55px;\n  min-height: 55px;\n  font-size: 40px;\n  border-radius: 100px;\n}\n.dt-shortcode-soc-icons a.single-soc-icon-b7956d1e3cdad003c9627cf7c987f31a:last-child {\n  margin-right: 0;\n}\n.dt-shortcode-soc-icons a.single-soc-icon-b7956d1e3cdad003c9627cf7c987f31a:before,\n.dt-shortcode-soc-icons a.single-soc-icon-b7956d1e3cdad003c9627cf7c987f31a:after {\n  min-width: 55px;\n  min-height: 55px;\n  padding: inherit;\n}\n.dt-shortcode-soc-icons a.single-soc-icon-b7956d1e3cdad003c9627cf7c987f31a.dt-icon-border-on:before {\n  border: 0px solid ;\n}\n.dt-shortcode-soc-icons a.single-soc-icon-b7956d1e3cdad003c9627cf7c987f31a.dt-icon-hover-border-on:after {\n  border: 0px solid ;\n}\n.dt-shortcode-soc-icons a.single-soc-icon-b7956d1e3cdad003c9627cf7c987f31a:hover {\n  font-size: 40px;\n}\n#page .dt-shortcode-soc-icons a.single-soc-icon-b7956d1e3cdad003c9627cf7c987f31a:hover .soc-font-icon,\n#phantom .dt-shortcode-soc-icons a.single-soc-icon-b7956d1e3cdad003c9627cf7c987f31a:hover .soc-font-icon,\n#page .dt-shortcode-soc-icons a.single-soc-icon-b7956d1e3cdad003c9627cf7c987f31a:hover .soc-icon,\n#phantom .dt-shortcode-soc-icons a.single-soc-icon-b7956d1e3cdad003c9627cf7c987f31a:hover .soc-icon {\n  color: rgba(255,255,255,0.75);\n  background: none;\n}\n#page .dt-shortcode-soc-icons a.single-soc-icon-b7956d1e3cdad003c9627cf7c987f31a:not(:hover) .soc-font-icon,\n#phantom .dt-shortcode-soc-icons a.single-soc-icon-b7956d1e3cdad003c9627cf7c987f31a:not(:hover) .soc-font-icon,\n#page .dt-shortcode-soc-icons a.single-soc-icon-b7956d1e3cdad003c9627cf7c987f31a:not(:hover) .soc-icon,\n#phantom .dt-shortcode-soc-icons a.single-soc-icon-b7956d1e3cdad003c9627cf7c987f31a:not(:hover) .soc-icon {\n  color: #ffffff;\n  background: none;\n}\n.dt-shortcode-soc-icons a.single-soc-icon-b7956d1e3cdad003c9627cf7c987f31a .soc-font-icon,\n.dt-shortcode-soc-icons a.single-soc-icon-b7956d1e3cdad003c9627cf7c987f31a .soc-icon {\n  font-size: 40px;\n}\n<\/style><a title=\"Twitter\" href=\"https:\/\/twitter.com\/mefisk12tr\"  target=\"_blank\"class=\"twitter single-soc-icon-b7956d1e3cdad003c9627cf7c987f31a dt-icon-bg-on dt-icon-border-on dt-icon-hover-border-on dt-icon-hover-bg-on  vc_custom_1611822833595 \" ><i class=\"soc-icon soc-font-icon dt-icon-twitter\"><\/i><span class=\"screen-reader-text\">Twitter<\/span><\/a><style type=\"text\/css\" data-type=\"the7_shortcodes-inline-css\">.dt-shortcode-soc-icons a.single-soc-icon-38c5b7f300561295795e3f3fde9ab665 {\n  min-width: 55px;\n  min-height: 55px;\n  font-size: 40px;\n  border-radius: 100px;\n}\n.dt-shortcode-soc-icons a.single-soc-icon-38c5b7f300561295795e3f3fde9ab665:last-child {\n  margin-right: 0;\n}\n.dt-shortcode-soc-icons a.single-soc-icon-38c5b7f300561295795e3f3fde9ab665:before,\n.dt-shortcode-soc-icons a.single-soc-icon-38c5b7f300561295795e3f3fde9ab665:after {\n  min-width: 55px;\n  min-height: 55px;\n  padding: inherit;\n}\n.dt-shortcode-soc-icons a.single-soc-icon-38c5b7f300561295795e3f3fde9ab665.dt-icon-border-on:before {\n  border: 0px solid ;\n}\n.dt-shortcode-soc-icons a.single-soc-icon-38c5b7f300561295795e3f3fde9ab665.dt-icon-hover-border-on:after {\n  border: 0px solid ;\n}\n.dt-shortcode-soc-icons a.single-soc-icon-38c5b7f300561295795e3f3fde9ab665:hover {\n  font-size: 40px;\n}\n#page .dt-shortcode-soc-icons a.single-soc-icon-38c5b7f300561295795e3f3fde9ab665:hover .soc-font-icon,\n#phantom .dt-shortcode-soc-icons a.single-soc-icon-38c5b7f300561295795e3f3fde9ab665:hover .soc-font-icon,\n#page .dt-shortcode-soc-icons a.single-soc-icon-38c5b7f300561295795e3f3fde9ab665:hover .soc-icon,\n#phantom .dt-shortcode-soc-icons a.single-soc-icon-38c5b7f300561295795e3f3fde9ab665:hover .soc-icon {\n  color: rgba(255,255,255,0.75);\n  background: none;\n}\n#page .dt-shortcode-soc-icons a.single-soc-icon-38c5b7f300561295795e3f3fde9ab665:not(:hover) .soc-font-icon,\n#phantom .dt-shortcode-soc-icons a.single-soc-icon-38c5b7f300561295795e3f3fde9ab665:not(:hover) .soc-font-icon,\n#page .dt-shortcode-soc-icons a.single-soc-icon-38c5b7f300561295795e3f3fde9ab665:not(:hover) .soc-icon,\n#phantom .dt-shortcode-soc-icons a.single-soc-icon-38c5b7f300561295795e3f3fde9ab665:not(:hover) .soc-icon {\n  color: #ffffff;\n  background: none;\n}\n.dt-shortcode-soc-icons a.single-soc-icon-38c5b7f300561295795e3f3fde9ab665 .soc-font-icon,\n.dt-shortcode-soc-icons a.single-soc-icon-38c5b7f300561295795e3f3fde9ab665 .soc-icon {\n  font-size: 40px;\n}\n<\/style><a title=\"Instagram\" href=\"https:\/\/www.instagram.com\/mefisk12tr\/\"  target=\"_blank\"class=\"instagram single-soc-icon-38c5b7f300561295795e3f3fde9ab665 dt-icon-bg-on dt-icon-border-on dt-icon-hover-border-on dt-icon-hover-bg-on  vc_custom_1611822847020 \" ><i class=\"soc-icon soc-font-icon dt-icon-instagram\"><\/i><span class=\"screen-reader-text\">Instagram<\/span><\/a><style type=\"text\/css\" data-type=\"the7_shortcodes-inline-css\">.dt-shortcode-soc-icons a.single-soc-icon-f33b44eb5558f52afed75a867e9e1822 {\n  min-width: 55px;\n  min-height: 55px;\n  font-size: 40px;\n  border-radius: 100px;\n}\n.dt-shortcode-soc-icons a.single-soc-icon-f33b44eb5558f52afed75a867e9e1822:last-child {\n  margin-right: 0;\n}\n.dt-shortcode-soc-icons a.single-soc-icon-f33b44eb5558f52afed75a867e9e1822:before,\n.dt-shortcode-soc-icons a.single-soc-icon-f33b44eb5558f52afed75a867e9e1822:after {\n  min-width: 55px;\n  min-height: 55px;\n  padding: inherit;\n}\n.dt-shortcode-soc-icons a.single-soc-icon-f33b44eb5558f52afed75a867e9e1822.dt-icon-border-on:before {\n  border: 0px solid ;\n}\n.dt-shortcode-soc-icons a.single-soc-icon-f33b44eb5558f52afed75a867e9e1822.dt-icon-hover-border-on:after {\n  border: 0px solid ;\n}\n.dt-shortcode-soc-icons a.single-soc-icon-f33b44eb5558f52afed75a867e9e1822:hover {\n  font-size: 40px;\n}\n#page .dt-shortcode-soc-icons a.single-soc-icon-f33b44eb5558f52afed75a867e9e1822:hover .soc-font-icon,\n#phantom .dt-shortcode-soc-icons a.single-soc-icon-f33b44eb5558f52afed75a867e9e1822:hover .soc-font-icon,\n#page .dt-shortcode-soc-icons a.single-soc-icon-f33b44eb5558f52afed75a867e9e1822:hover .soc-icon,\n#phantom .dt-shortcode-soc-icons a.single-soc-icon-f33b44eb5558f52afed75a867e9e1822:hover .soc-icon {\n  color: rgba(255,255,255,0.75);\n  background: none;\n}\n#page .dt-shortcode-soc-icons a.single-soc-icon-f33b44eb5558f52afed75a867e9e1822:not(:hover) .soc-font-icon,\n#phantom .dt-shortcode-soc-icons a.single-soc-icon-f33b44eb5558f52afed75a867e9e1822:not(:hover) .soc-font-icon,\n#page .dt-shortcode-soc-icons a.single-soc-icon-f33b44eb5558f52afed75a867e9e1822:not(:hover) .soc-icon,\n#phantom .dt-shortcode-soc-icons a.single-soc-icon-f33b44eb5558f52afed75a867e9e1822:not(:hover) .soc-icon {\n  color: #ffffff;\n  background: none;\n}\n.dt-shortcode-soc-icons a.single-soc-icon-f33b44eb5558f52afed75a867e9e1822 .soc-font-icon,\n.dt-shortcode-soc-icons a.single-soc-icon-f33b44eb5558f52afed75a867e9e1822 .soc-icon {\n  font-size: 40px;\n}\n<\/style><a title=\"Linkedin\" href=\"https:\/\/www.linkedin.com\/company\/mefisk12tr\/\"  target=\"_blank\"class=\"linkedin single-soc-icon-f33b44eb5558f52afed75a867e9e1822 dt-icon-bg-on dt-icon-border-on dt-icon-hover-border-on dt-icon-hover-bg-on  vc_custom_1611822853004 \" ><i class=\"soc-icon soc-font-icon dt-icon-linkedin\"><\/i><span class=\"screen-reader-text\">Linkedin<\/span><\/a><style type=\"text\/css\" data-type=\"the7_shortcodes-inline-css\">.dt-shortcode-soc-icons a.single-soc-icon-aa3ae68ed34449d98dd1038d2069e062 {\n  min-width: 55px;\n  min-height: 55px;\n  font-size: 40px;\n  border-radius: 100px;\n}\n.dt-shortcode-soc-icons a.single-soc-icon-aa3ae68ed34449d98dd1038d2069e062:last-child {\n  margin-right: 0;\n}\n.dt-shortcode-soc-icons a.single-soc-icon-aa3ae68ed34449d98dd1038d2069e062:before,\n.dt-shortcode-soc-icons a.single-soc-icon-aa3ae68ed34449d98dd1038d2069e062:after {\n  min-width: 55px;\n  min-height: 55px;\n  padding: inherit;\n}\n.dt-shortcode-soc-icons a.single-soc-icon-aa3ae68ed34449d98dd1038d2069e062.dt-icon-border-on:before {\n  border: 0px solid ;\n}\n.dt-shortcode-soc-icons a.single-soc-icon-aa3ae68ed34449d98dd1038d2069e062.dt-icon-hover-border-on:after {\n  border: 0px solid ;\n}\n.dt-shortcode-soc-icons a.single-soc-icon-aa3ae68ed34449d98dd1038d2069e062:hover {\n  font-size: 40px;\n}\n#page .dt-shortcode-soc-icons a.single-soc-icon-aa3ae68ed34449d98dd1038d2069e062:hover .soc-font-icon,\n#phantom .dt-shortcode-soc-icons a.single-soc-icon-aa3ae68ed34449d98dd1038d2069e062:hover .soc-font-icon,\n#page .dt-shortcode-soc-icons a.single-soc-icon-aa3ae68ed34449d98dd1038d2069e062:hover .soc-icon,\n#phantom .dt-shortcode-soc-icons a.single-soc-icon-aa3ae68ed34449d98dd1038d2069e062:hover .soc-icon {\n  color: rgba(255,255,255,0.75);\n  background: none;\n}\n#page .dt-shortcode-soc-icons a.single-soc-icon-aa3ae68ed34449d98dd1038d2069e062:not(:hover) .soc-font-icon,\n#phantom .dt-shortcode-soc-icons a.single-soc-icon-aa3ae68ed34449d98dd1038d2069e062:not(:hover) .soc-font-icon,\n#page .dt-shortcode-soc-icons a.single-soc-icon-aa3ae68ed34449d98dd1038d2069e062:not(:hover) .soc-icon,\n#phantom .dt-shortcode-soc-icons a.single-soc-icon-aa3ae68ed34449d98dd1038d2069e062:not(:hover) .soc-icon {\n  color: #ffffff;\n  background: none;\n}\n.dt-shortcode-soc-icons a.single-soc-icon-aa3ae68ed34449d98dd1038d2069e062 .soc-font-icon,\n.dt-shortcode-soc-icons a.single-soc-icon-aa3ae68ed34449d98dd1038d2069e062 .soc-icon {\n  font-size: 40px;\n}\n<\/style><a title=\"\" href=\"https:\/\/www.youtube.com\/channel\/UCo6i7FpWntKK9mtjrBR87OQ\"  target=\"_blank\"class=\"icomoon-the7-font-youtube single-soc-icon-aa3ae68ed34449d98dd1038d2069e062 dt-icon-bg-on dt-icon-border-on dt-icon-hover-border-on dt-icon-hover-bg-on  vc_custom_1611822858815 \" ><i class=\"soc-icon icomoon-the7-font-youtube\"><\/i><span class=\"screen-reader-text\"><\/span><\/a><\/div>[\/vc_column][vc_column width=&#8221;1\/4&#8243; offset=&#8221;vc_col-xs-12&#8243;][vc_single_image image=&#8221;15352&#8243; img_size=&#8221;full&#8221; alignment=&#8221;center&#8221;][\/vc_column][\/vc_row]<\/p>\n","protected":false},"excerpt":{"rendered":"<p>[vc_row type=&#8221;vc_default&#8221; full_width=&#8221;stretch_row&#8221; css=&#8221;.vc_custom_1540361447268{margin-top: -70px !important;background-color: #0f84bf !important;}&#8221;][vc_column][vc_custom_heading text=&#8221;Our Founder&#8221; font_container=&#8221;tag:h2|text_align:left|color:%23ffffff&#8221; use_theme_fonts=&#8221;yes&#8221; css=&#8221;.vc_custom_1540363007724{margin-top: -25px !important;}&#8221;][\/vc_column][\/vc_row][vc_row][vc_column width=&#8221;2\/3&#8243;][vc_column_text]Biography of our Founder, Dr. Ibrahim ARIKAN, Born in 1941 in the village of Salur in the province of Yozgat, Dr. Ibrahim ARIKAN was accepted on the basis of an examination into the Mimar Sinan Elementary School Teachers School, pursuing&hellip;<\/p>\n","protected":false},"author":1,"featured_media":0,"parent":14838,"menu_order":0,"comment_status":"closed","ping_status":"closed","template":"","meta":[],"class_list":["post-14856","page","type-page","status-publish","hentry","description-off"],"_links":{"self":[{"href":"https:\/\/www.mefis.k12.tr\/istanbul\/wp-json\/wp\/v2\/pages\/14856","targetHints":{"allow":["GET"]}}],"collection":[{"href":"https:\/\/www.mefis.k12.tr\/istanbul\/wp-json\/wp\/v2\/pages"}],"about":[{"href":"https:\/\/www.mefis.k12.tr\/istanbul\/wp-json\/wp\/v2\/types\/page"}],"author":[{"embeddable":true,"href":"https:\/\/www.mefis.k12.tr\/istanbul\/wp-json\/wp\/v2\/users\/1"}],"replies":[{"embeddable":true,"href":"https:\/\/www.mefis.k12.tr\/istanbul\/wp-json\/wp\/v2\/comments?post=14856"}],"version-history":[{"count":15,"href":"https:\/\/www.mefis.k12.tr\/istanbul\/wp-json\/wp\/v2\/pages\/14856\/revisions"}],"predecessor-version":[{"id":18117,"href":"https:\/\/www.mefis.k12.tr\/istanbul\/wp-json\/wp\/v2\/pages\/14856\/revisions\/18117"}],"up":[{"embeddable":true,"href":"https:\/\/www.mefis.k12.tr\/istanbul\/wp-json\/wp\/v2\/pages\/14838"}],"wp:attachment":[{"href":"https:\/\/www.mefis.k12.tr\/istanbul\/wp-json\/wp\/v2\/media?parent=14856"}],"curies":[{"name":"wp","href":"https:\/\/api.w.org\/{rel}","templated":true}]}}